{"id":666,"date":"2022-03-21T16:12:15","date_gmt":"2022-03-21T16:12:15","guid":{"rendered":"https:\/\/tim.cegep-lanaudiere.qc.ca\/multisites\/tim2-dev\/?page_id=666"},"modified":"2022-03-25T14:26:47","modified_gmt":"2022-03-25T14:26:47","slug":"soumettre-un-mandat","status":"publish","type":"page","link":"https:\/\/tim.cegep-lanaudiere.qc.ca\/multisites\/tim2-dev\/soumettre-un-mandat\/","title":{"rendered":"Soumettre un mandat"},"content":{"rendered":"\n<div class=\"wp-block-cover is-light\"><span aria-hidden=\"true\" class=\"wp-block-cover__gradient-background has-background-dim\"><\/span><img loading=\"lazy\" decoding=\"async\" width=\"1890\" height=\"1417\" class=\"wp-block-cover__image-background wp-image-272\" alt=\"Services\" src=\"https:\/\/tim.cegep-lanaudiere.qc.ca\/multisites\/tim2-dev\/wp-content\/uploads\/sites\/4\/2022\/03\/photo4.jpg\" data-object-fit=\"cover\" srcset=\"https:\/\/tim.cegep-lanaudiere.qc.ca\/multisites\/tim2-dev\/files\/2022\/03\/photo4.jpg 1890w, https:\/\/tim.cegep-lanaudiere.qc.ca\/multisites\/tim2-dev\/files\/2022\/03\/photo4-300x225.jpg 300w, https:\/\/tim.cegep-lanaudiere.qc.ca\/multisites\/tim2-dev\/files\/2022\/03\/photo4-1024x768.jpg 1024w, https:\/\/tim.cegep-lanaudiere.qc.ca\/multisites\/tim2-dev\/files\/2022\/03\/photo4-768x576.jpg 768w, https:\/\/tim.cegep-lanaudiere.qc.ca\/multisites\/tim2-dev\/files\/2022\/03\/photo4-1536x1152.jpg 1536w\" sizes=\"(max-width: 1890px) 100vw, 1890px\" \/><div class=\"wp-block-cover__inner-container is-layout-flow wp-block-cover-is-layout-flow\">\n<p class=\"has-text-align-center has-white-color has-text-color has-large-font-size\">Soumettre un mandat<\/p>\n<\/div><\/div>\n\n\n\n<p class=\"has-medium-font-size\">L\u2019agence TIM permet aux \u00e9tudiants de mobiliser leurs comp\u00e9tences dans le cadre de mandats professionnels coh\u00e9rents avec les objectifs d\u2019apprentissage du programme&nbsp;<a href=\"https:\/\/www.cegep-lanaudiere.qc.ca\/lassomption\/techniquesintegrationmultimedia\">Techniques d\u2019int\u00e9gration multim\u00e9dia<\/a>&nbsp;offert au&nbsp;<a href=\"https:\/\/www.cegep-lanaudiere.qc.ca\/lassomption\">C\u00e9gep r\u00e9gional de Lanaudi\u00e8re \u00e0 L\u2019Assomption<\/a>.<\/p>\n\n\n\n<p class=\"has-medium-font-size\">Dans le cadre du mandat qui leur est confi\u00e9, les \u00e9tudiants doivent prendre en charge l\u2019ensemble des \u00e9tapes d\u2019un mandat de cr\u00e9ativit\u00e9 num\u00e9rique ou d\u2019int\u00e9gration multim\u00e9dia. Chaque \u00e9quipe d\u2019\u00e9tudiants est encadr\u00e9e par une un enseignant qui s\u2019assurera du bon d\u00e9roulement du mandat. Les \u00e9tudiants \u00e9tant charg\u00e9s de la r\u00e9alisation du mandat, ils seront, tout au long du mandat, les premiers interlocuteurs de client.<\/p>\n\n\n\n<h2 class=\"wp-block-heading\" id=\"definition\">D\u00e9finition<\/h2>\n\n\n\n<p class=\"has-medium-font-size\"><strong>Mandat<\/strong>: Mandat de production et d\u2019int\u00e9gration multim\u00e9dia ou de cr\u00e9ativit\u00e9 num\u00e9rique.<\/p>\n\n\n\n<p class=\"has-medium-font-size\"><strong>\u00c9tudiant<\/strong>&nbsp;: \u00c9tudiant de troisi\u00e8me ann\u00e9e du programme de&nbsp;<a href=\"https:\/\/www.cegep-lanaudiere.qc.ca\/lassomption\/techniquesintegrationmultimedia\">Techniques d\u2019int\u00e9gration multim\u00e9dia<\/a>&nbsp;offert au&nbsp;<a href=\"https:\/\/www.cegep-lanaudiere.qc.ca\/lassomption\">C\u00e9gep r\u00e9gional de Lanaudi\u00e8re \u00e0 L\u2019Assomption<\/a>.<\/p>\n\n\n\n<p class=\"has-medium-font-size\"><strong>Client<\/strong>&nbsp;: Organisation ayant un besoin en cr\u00e9ativit\u00e9 num\u00e9rique, en int\u00e9gration multim\u00e9dia ou en pr\u00e9sence web.<\/p>\n\n\n\n<h2 class=\"wp-block-heading\" id=\"selection-des-mandats\">S\u00e9lection des mandats<\/h2>\n\n\n\n<p class=\"has-medium-font-size\">Toute organisation peut soumettre un mandat \u00e0 l\u2019agence TIM. Par leur vocation, les organisations \u00e0 but non lucratif ou les entreprises d\u2019\u00e9conomie sociale pourraient \u00eatre privil\u00e9gi\u00e9es.<\/p>\n\n\n\n<p class=\"has-medium-font-size\">Les crit\u00e8res de s\u00e9lection des mandats sont:&nbsp;<\/p>\n\n\n\n<p class=\"has-medium-font-size\">\u2022 Coh\u00e9rence avec les objectifs du programme Techniques d\u2019int\u00e9gration multim\u00e9dia offert au C\u00e9gep r\u00e9gional de Lanaudi\u00e8re \u00e0 L\u2019Assomption<\/p>\n\n\n\n<p class=\"has-medium-font-size\">\u2022 Port\u00e9e \u00e9ducative de l\u2019implication des \u00e9tudiants<\/p>\n\n\n\n<p class=\"has-medium-font-size\">\u2022 Expertises et int\u00e9r\u00eats des \u00e9tudiants (\u00e0 ce sujet, consultez la liste des services offerts)<\/p>\n\n\n\n<p class=\"has-medium-font-size\">\u2022 Charge de travail et \u00e9ch\u00e9ances<\/p>\n\n\n\n<p class=\"has-medium-font-size\">\u2022 Capacit\u00e9 d\u2019encadrement des \u00e9tudiants par le client<\/p>\n\n\n\n<h2 class=\"wp-block-heading\" id=\"le-deroulement-d-un-mandat-a-l-agence-tim\">Le d\u00e9roulement d\u2019un mandat \u00e0 l\u2019agence TIM<\/h2>\n\n\n\n<p class=\"has-medium-font-size\">Chaque mandat est structur\u00e9 en sept \u00e9tapes distinctes. Celles-ci vous permettront de vous assurer que le mandat poursuivre les objectifs \u00e9tablis et respecte les \u00e9ch\u00e9ances.<\/p>\n\n\n\n<div class=\"wp-block-image\"><figure class=\"aligncenter size-full\"><img loading=\"lazy\" decoding=\"async\" width=\"1024\" height=\"898\" src=\"https:\/\/tim.cegep-lanaudiere.qc.ca\/multisites\/tim2-dev\/wp-content\/uploads\/sites\/4\/2022\/03\/Deroulement-dun-projet-avec-lAgence-TIM-1024x898-1.png\" alt=\"\" class=\"wp-image-671\" srcset=\"https:\/\/tim.cegep-lanaudiere.qc.ca\/multisites\/tim2-dev\/files\/2022\/03\/Deroulement-dun-projet-avec-lAgence-TIM-1024x898-1.png 1024w, https:\/\/tim.cegep-lanaudiere.qc.ca\/multisites\/tim2-dev\/files\/2022\/03\/Deroulement-dun-projet-avec-lAgence-TIM-1024x898-1-300x263.png 300w, https:\/\/tim.cegep-lanaudiere.qc.ca\/multisites\/tim2-dev\/files\/2022\/03\/Deroulement-dun-projet-avec-lAgence-TIM-1024x898-1-768x674.png 768w\" sizes=\"(max-width: 1024px) 100vw, 1024px\" \/><figcaption><em>D\u00e9roulement d&rsquo;un mandat avec l&rsquo;Agence TIM<\/em><\/figcaption><\/figure><\/div>\n\n\n\n<h3 class=\"wp-block-heading\" id=\"1-comprehension\">1. Compr\u00e9hension<\/h3>\n\n\n\n<p class=\"has-medium-font-size\">Suite \u00e0 l\u2019appel de mandats , les enseignants s\u00e9lectionnent les projets qui ont un caract\u00e8re p\u00e9dagogique. Les projets sont ensuite attribu\u00e9s aux diff\u00e9rentes \u00e9quipes de r\u00e9alisation. La s\u00e9lection des projets d\u00e9pend de l\u2019int\u00e9r\u00eat et l\u2019expertise des \u00e9tudiants.<\/p>\n\n\n\n<p class=\"has-medium-font-size\">Les \u00e9tudiants communiquent avec le client pour planifier une premi\u00e8re rencontre entre le client, les \u00e9tudiants et l\u2019enseignant. Cette rencontre aura pour but d\u2019aider les \u00e9tudiants \u00e0 cerner les param\u00e8tres du mandat et les attentes du client.<\/p>\n\n\n\n<p class=\"has-medium-font-size\">Il est important que toute personne activement impliqu\u00e9e dans ce mandat soit pr\u00e9sente \u00e0 cette rencontre. Celle-ci peut se tenir dans le bureau de l\u2019agence, situ\u00e9 au&nbsp;&nbsp;<a href=\"https:\/\/www.cegep-lanaudiere.qc.ca\/lassomption\">C\u00e9gep r\u00e9gional de Lanaudi\u00e8re \u00e0 L\u2019Assomption<\/a>, 180 Dorval \u00e0 L\u2019Assomption, ou \u00e0 distance, par le biais de la visioconf\u00e9rence.<\/p>\n\n\n\n<p class=\"has-medium-font-size\">Lors de cette premi\u00e8re rencontre, vous serez appel\u00e9s \u00e0 signer le contrat de r\u00e9alisation du mandat.<\/p>\n\n\n\n<h3 class=\"wp-block-heading\" id=\"2-definition\">2. D\u00e9finition<\/h3>\n\n\n\n<p class=\"has-medium-font-size\">Suite \u00e0 la premi\u00e8re rencontre, les \u00e9tudiants r\u00e9digeront un cahier des charges r\u00e9sumant les objectifs, les param\u00e8tres, les livrables attendus et l\u2019\u00e9ch\u00e9ancier du mandat.<\/p>\n\n\n\n<p class=\"has-medium-font-size\">Les \u00e9tudiants organiseront une deuxi\u00e8me rencontre pour pr\u00e9senter et faire approuver ce cahier des charges.<\/p>\n\n\n\n<p class=\"has-medium-font-size\">Une premi\u00e8re facture sera \u00e9mise. Celle-ci repr\u00e9sente l\u2019\u00e9quivalent de 25% du mandat .&nbsp;<\/p>\n\n\n\n<h3 class=\"wp-block-heading\" id=\"3-ideation\">3. Id\u00e9ation<\/h3>\n\n\n\n<p class=\"has-medium-font-size\">\u00c0 partir du cahier des charges, les \u00e9tudiants proc\u00e9deront \u00e0 l\u2019identification des solutions les plus appropri\u00e9es pour r\u00e9pondre aux objectifs du mandat.&nbsp;<\/p>\n\n\n\n<p class=\"has-medium-font-size\">Les livrables de cette id\u00e9ation, qui sont d\u00e9finis dans le cahier de charges pr\u00e9alablement approuv\u00e9, peuvent prendre diff\u00e9rentes formes:<\/p>\n\n\n\n<p class=\"has-medium-font-size\">\u2022 Synopsis<\/p>\n\n\n\n<p class=\"has-medium-font-size\">\u2022 Tableau d\u2019inspiration<\/p>\n\n\n\n<p class=\"has-medium-font-size\">\u2022 Esquisse<\/p>\n\n\n\n<p class=\"has-medium-font-size\"> \u2022Maquette<\/p>\n\n\n\n<p class=\"has-medium-font-size\"> \u2022 Sc\u00e9narimage<\/p>\n\n\n\n<p class=\"has-medium-font-size\">\u2022 Etc.<\/p>\n\n\n\n<p class=\"has-medium-font-size\">Ainsi, les \u00e9tudiants vous soumettront leurs id\u00e9es pour discussion et approbation.<\/p>\n\n\n\n<p class=\"has-medium-font-size\">Une deuxi\u00e8me facture sera \u00e9mise. Celle-ci repr\u00e9sente l\u2019\u00e9quivalent de 25% du mandat .<\/p>\n\n\n\n<h3 class=\"wp-block-heading\" id=\"4-conception\">4. Conception<\/h3>\n\n\n\n<p class=\"has-medium-font-size\">Suite \u00e0 l\u2019approbation des livrables d\u2019id\u00e9ation, les \u00e9tudiants entameront la conception et l\u2019int\u00e9gration des livrables exig\u00e9s.<\/p>\n\n\n\n<p class=\"has-medium-font-size\">Lors de cette phase, il est possible que les \u00e9tudiants aient des questions de clarification ou aient besoin de valider certaines informations ou livrables. Pour respecter les \u00e9ch\u00e9ances, il est n\u00e9cessaire de r\u00e9pondre \u00e0 leurs questions le plus rapidement possible, en leur donnant le maximum d\u2019informations et de r\u00e9troaction.<\/p>\n\n\n\n<p class=\"has-medium-font-size\">Comme les \u00e9tudiants sont toujours en apprentissage, il est important de cibler les \u00e9l\u00e9ments \u00e0 am\u00e9liorer, mais \u00e9galement ceux qui r\u00e9pondent \u00e0 vos attentes. Cela permettra aux \u00e9tudiants de bien comprendre les modifications \u00e0 apporter.<\/p>\n\n\n\n<h3 class=\"wp-block-heading\" id=\"5-validation\">5. Validation<\/h3>\n\n\n\n<p class=\"has-medium-font-size\">Lorsque la phase de conception est termin\u00e9e, les \u00e9tudiants vous soumettront les diff\u00e9rents livrables. Une troisi\u00e8me et derni\u00e8re rencontre sera organis\u00e9e pour pr\u00e9senter les livrables.&nbsp;<\/p>\n\n\n\n<p class=\"has-medium-font-size\">Au besoin, les \u00e9tudiants proc\u00e8deront aux r\u00e9visions. Seules les r\u00e9visions li\u00e9es aux modalit\u00e9s d\u00e9crites dans le cahier des charges seront autoris\u00e9es par les enseignants.<\/p>\n\n\n\n<p class=\"has-medium-font-size\">Une troisi\u00e8me et derni\u00e8re facture sera \u00e9mise. Celle-ci repr\u00e9sente l\u2019\u00e9quivalent de 50% du mandat.&nbsp;<\/p>\n\n\n\n<h3 class=\"wp-block-heading\" id=\"6-livraison\">6. Livraison<\/h3>\n\n\n\n<p class=\"has-medium-font-size\">Suite \u00e0 la rencontre de validation, les \u00e9tudiants vous transmettront les diff\u00e9rents m\u00e9dias dans les formats pr\u00e9alablement \u00e9tablis dans le cahier des charges.&nbsp;<\/p>\n\n\n\n<p class=\"has-medium-font-size\">Selon les modalit\u00e9s d\u00e9crites dans le cahier des charges, les \u00e9tudiants pourront vous assister dans l\u2019int\u00e9gration des m\u00e9dias au sein de vos diff\u00e9rentes plateformes.<\/p>\n\n\n\n<h3 class=\"wp-block-heading\" id=\"7-evaluation\">7. \u00c9valuation<\/h3>\n\n\n\n<p class=\"has-medium-font-size\">Au terme du mandat, vous serez appel\u00e9s \u00e0 remplir un questionnaire d\u2019appr\u00e9ciation du mandat. Celui-ci permettra de formuler une r\u00e9troaction sur le travail des \u00e9tudiants et sur le processus de r\u00e9alisation du mandat.&nbsp;<\/p>\n\n\n\n<p class=\"has-medium-font-size\">Les enseignants pourront \u00e9galement s\u2019inspirer de celui-ci pour \u00e9valuer les \u00e9tudiants, selon les objectifs \u00e9tablis.<\/p>\n\n\n\n<p class=\"has-medium-font-size\">Vous serez invit\u00e9 \u00e0 t\u00e9moigner de votre appr\u00e9ciation du travail des \u00e9tudiants. Cette appr\u00e9ciation pourrait \u00eatre publi\u00e9e sur notre site web.<\/p>\n\n\n\n<div class=\"wp-block-contact-form-7-contact-form-selector\">[contact-form-7 id=\u00a0\u00bb693&Prime; title=\u00a0\u00bbSoumettre un mandat\u00a0\u00bb]<\/div>\n\n\n\n<ul class=\"wp-block-social-links aligncenter has-normal-icon-size has-icon-color has-icon-background-color is-style-pill-shape is-horizontal is-content-justification-center is-layout-flex wp-container-core-social-links-layout-1 wp-block-social-links-is-layout-flex\"><li style=\"color: #ffffff; background-color: #6a1413; \" class=\"wp-social-link wp-social-link-facebook has-white-color bouton wp-block-social-link\"><a rel=\" noopener nofollow\" target=\"_blank\" href=\"https:\/\/www.facebook.com\/TIMassomption\/\" class=\"wp-block-social-link-anchor\"><svg width=\"24\" height=\"24\" viewBox=\"0 0 24 24\" version=\"1.1\" xmlns=\"http:\/\/www.w3.org\/2000\/svg\" aria-hidden=\"true\" focusable=\"false\"><path d=\"M12 2C6.5 2 2 6.5 2 12c0 5 3.7 9.1 8.4 9.9v-7H7.9V12h2.5V9.8c0-2.5 1.5-3.9 3.8-3.9 1.1 0 2.2.2 2.2.2v2.5h-1.3c-1.2 0-1.6.8-1.6 1.6V12h2.8l-.4 2.9h-2.3v7C18.3 21.1 22 17 22 12c0-5.5-4.5-10-10-10z\"><\/path><\/svg><span class=\"wp-block-social-link-label screen-reader-text\">Facebook<\/span><\/a><\/li>\n\n<li style=\"color: #ffffff; background-color: #6a1413; \" class=\"wp-social-link wp-social-link-instagram has-white-color bouton wp-block-social-link\"><a rel=\" noopener nofollow\" target=\"_blank\" href=\"https:\/\/www.instagram.com\/timassomption\/\" class=\"wp-block-social-link-anchor\"><svg width=\"24\" height=\"24\" viewBox=\"0 0 24 24\" version=\"1.1\" xmlns=\"http:\/\/www.w3.org\/2000\/svg\" aria-hidden=\"true\" focusable=\"false\"><path d=\"M12,4.622c2.403,0,2.688,0.009,3.637,0.052c0.877,0.04,1.354,0.187,1.671,0.31c0.42,0.163,0.72,0.358,1.035,0.673 c0.315,0.315,0.51,0.615,0.673,1.035c0.123,0.317,0.27,0.794,0.31,1.671c0.043,0.949,0.052,1.234,0.052,3.637 s-0.009,2.688-0.052,3.637c-0.04,0.877-0.187,1.354-0.31,1.671c-0.163,0.42-0.358,0.72-0.673,1.035 c-0.315,0.315-0.615,0.51-1.035,0.673c-0.317,0.123-0.794,0.27-1.671,0.31c-0.949,0.043-1.233,0.052-3.637,0.052 s-2.688-0.009-3.637-0.052c-0.877-0.04-1.354-0.187-1.671-0.31c-0.42-0.163-0.72-0.358-1.035-0.673 c-0.315-0.315-0.51-0.615-0.673-1.035c-0.123-0.317-0.27-0.794-0.31-1.671C4.631,14.688,4.622,14.403,4.622,12 s0.009-2.688,0.052-3.637c0.04-0.877,0.187-1.354,0.31-1.671c0.163-0.42,0.358-0.72,0.673-1.035 c0.315-0.315,0.615-0.51,1.035-0.673c0.317-0.123,0.794-0.27,1.671-0.31C9.312,4.631,9.597,4.622,12,4.622 M12,3 C9.556,3,9.249,3.01,8.289,3.054C7.331,3.098,6.677,3.25,6.105,3.472C5.513,3.702,5.011,4.01,4.511,4.511 c-0.5,0.5-0.808,1.002-1.038,1.594C3.25,6.677,3.098,7.331,3.054,8.289C3.01,9.249,3,9.556,3,12c0,2.444,0.01,2.751,0.054,3.711 c0.044,0.958,0.196,1.612,0.418,2.185c0.23,0.592,0.538,1.094,1.038,1.594c0.5,0.5,1.002,0.808,1.594,1.038 c0.572,0.222,1.227,0.375,2.185,0.418C9.249,20.99,9.556,21,12,21s2.751-0.01,3.711-0.054c0.958-0.044,1.612-0.196,2.185-0.418 c0.592-0.23,1.094-0.538,1.594-1.038c0.5-0.5,0.808-1.002,1.038-1.594c0.222-0.572,0.375-1.227,0.418-2.185 C20.99,14.751,21,14.444,21,12s-0.01-2.751-0.054-3.711c-0.044-0.958-0.196-1.612-0.418-2.185c-0.23-0.592-0.538-1.094-1.038-1.594 c-0.5-0.5-1.002-0.808-1.594-1.038c-0.572-0.222-1.227-0.375-2.185-0.418C14.751,3.01,14.444,3,12,3L12,3z M12,7.378 c-2.552,0-4.622,2.069-4.622,4.622S9.448,16.622,12,16.622s4.622-2.069,4.622-4.622S14.552,7.378,12,7.378z M12,15 c-1.657,0-3-1.343-3-3s1.343-3,3-3s3,1.343,3,3S13.657,15,12,15z M16.804,6.116c-0.596,0-1.08,0.484-1.08,1.08 s0.484,1.08,1.08,1.08c0.596,0,1.08-0.484,1.08-1.08S17.401,6.116,16.804,6.116z\"><\/path><\/svg><span class=\"wp-block-social-link-label screen-reader-text\">Instagram<\/span><\/a><\/li>\n\n<li style=\"color: #ffffff; background-color: #6a1413; \" class=\"wp-social-link wp-social-link-youtube has-white-color bouton wp-block-social-link\"><a rel=\" noopener nofollow\" target=\"_blank\" href=\"https:\/\/www.youtube.com\/channel\/UC56MCFkscANgxW2vxW_8GHA\" class=\"wp-block-social-link-anchor\"><svg width=\"24\" height=\"24\" viewBox=\"0 0 24 24\" version=\"1.1\" xmlns=\"http:\/\/www.w3.org\/2000\/svg\" aria-hidden=\"true\" focusable=\"false\"><path d=\"M21.8,8.001c0,0-0.195-1.378-0.795-1.985c-0.76-0.797-1.613-0.801-2.004-0.847c-2.799-0.202-6.997-0.202-6.997-0.202 h-0.009c0,0-4.198,0-6.997,0.202C4.608,5.216,3.756,5.22,2.995,6.016C2.395,6.623,2.2,8.001,2.2,8.001S2,9.62,2,11.238v1.517 c0,1.618,0.2,3.237,0.2,3.237s0.195,1.378,0.795,1.985c0.761,0.797,1.76,0.771,2.205,0.855c1.6,0.153,6.8,0.201,6.8,0.201 s4.203-0.006,7.001-0.209c0.391-0.047,1.243-0.051,2.004-0.847c0.6-0.607,0.795-1.985,0.795-1.985s0.2-1.618,0.2-3.237v-1.517 C22,9.62,21.8,8.001,21.8,8.001z M9.935,14.594l-0.001-5.62l5.404,2.82L9.935,14.594z\"><\/path><\/svg><span class=\"wp-block-social-link-label screen-reader-text\">YouTube<\/span><\/a><\/li><\/ul>\n","protected":false},"excerpt":{"rendered":"<p>L\u2019agence TIM permet aux \u00e9tudiants de mobiliser leurs comp\u00e9tences dans le cadre de mandats professionnels coh\u00e9rents avec les objectifs d\u2019apprentissage du programme&nbsp;Techniques d\u2019int\u00e9gration multim\u00e9dia&nbsp;offert au&nbsp;C\u00e9gep r\u00e9gional de Lanaudi\u00e8re \u00e0 L\u2019Assomption&#8230;.<\/p>\n<div class=\"royalwp-readmore-wrap\"><a href=\"https:\/\/tim.cegep-lanaudiere.qc.ca\/multisites\/tim2-dev\/soumettre-un-mandat\/\" class=\"royalwp-readmore\">Lire plus <i class=\"far fa-hand-point-right\"><\/i><\/a><\/div>\n","protected":false},"author":13,"featured_media":0,"parent":0,"menu_order":0,"comment_status":"closed","ping_status":"closed","template":"","meta":{"footnotes":""},"_links":{"self":[{"href":"https:\/\/tim.cegep-lanaudiere.qc.ca\/multisites\/tim2-dev\/wp-json\/wp\/v2\/pages\/666"}],"collection":[{"href":"https:\/\/tim.cegep-lanaudiere.qc.ca\/multisites\/tim2-dev\/wp-json\/wp\/v2\/pages"}],"about":[{"href":"https:\/\/tim.cegep-lanaudiere.qc.ca\/multisites\/tim2-dev\/wp-json\/wp\/v2\/types\/page"}],"author":[{"embeddable":true,"href":"https:\/\/tim.cegep-lanaudiere.qc.ca\/multisites\/tim2-dev\/wp-json\/wp\/v2\/users\/13"}],"replies":[{"embeddable":true,"href":"https:\/\/tim.cegep-lanaudiere.qc.ca\/multisites\/tim2-dev\/wp-json\/wp\/v2\/comments?post=666"}],"version-history":[{"count":9,"href":"https:\/\/tim.cegep-lanaudiere.qc.ca\/multisites\/tim2-dev\/wp-json\/wp\/v2\/pages\/666\/revisions"}],"predecessor-version":[{"id":1083,"href":"https:\/\/tim.cegep-lanaudiere.qc.ca\/multisites\/tim2-dev\/wp-json\/wp\/v2\/pages\/666\/revisions\/1083"}],"wp:attachment":[{"href":"https:\/\/tim.cegep-lanaudiere.qc.ca\/multisites\/tim2-dev\/wp-json\/wp\/v2\/media?parent=666"}],"curies":[{"name":"wp","href":"https:\/\/api.w.org\/{rel}","templated":true}]}}