{"id":694,"date":"2022-03-21T16:06:45","date_gmt":"2022-03-21T16:06:45","guid":{"rendered":"https:\/\/tim.cegep-lanaudiere.qc.ca\/multisites\/tim2-dev\/?page_id=694"},"modified":"2022-03-25T14:22:52","modified_gmt":"2022-03-25T14:22:52","slug":"arret-francais","status":"publish","type":"page","link":"https:\/\/tim.cegep-lanaudiere.qc.ca\/multisites\/tim2-dev\/arret-francais\/","title":{"rendered":"Arr\u00eat Fran\u00e7ais"},"content":{"rendered":"\n<div class=\"wp-block-cover is-light\"><span aria-hidden=\"true\" class=\"wp-block-cover__gradient-background has-background-dim\"><\/span><img loading=\"lazy\" decoding=\"async\" width=\"656\" height=\"534\" class=\"wp-block-cover__image-background wp-image-681\" alt=\"\" src=\"https:\/\/tim.cegep-lanaudiere.qc.ca\/multisites\/tim2-dev\/wp-content\/uploads\/sites\/4\/2022\/03\/AF.png\" data-object-fit=\"cover\" srcset=\"https:\/\/tim.cegep-lanaudiere.qc.ca\/multisites\/tim2-dev\/files\/2022\/03\/AF.png 656w, https:\/\/tim.cegep-lanaudiere.qc.ca\/multisites\/tim2-dev\/files\/2022\/03\/AF-300x244.png 300w\" sizes=\"(max-width: 656px) 100vw, 656px\" \/><div class=\"wp-block-cover__inner-container is-layout-flow wp-block-cover-is-layout-flow\">\n<p class=\"has-text-align-center has-white-color has-text-color has-large-font-size\">Arr\u00eat Fran\u00e7ais \u2013 Un site \u00e9ducatif pour diff\u00e9rents public<\/p>\n<\/div><\/div>\n\n\n\n<h2 class=\"wp-block-heading\" id=\"le-mandat\">Le mandat<\/h2>\n\n\n\n<p class=\"has-medium-font-size\">Au printemps 2019, le&nbsp;<a href=\"http:\/\/www.cegep-lanaudiere.qc.ca\/\">C\u00e9gep r\u00e9gional de Lanaudi\u00e8re \u00e0 L\u2019Assomption (CRLA)&nbsp;<\/a>recevait une importante subvention de l\u2019<a href=\"https:\/\/www.oqlf.gouv.qc.ca\/accueil.aspx\">Office qu\u00e9b\u00e9cois de la langue fran\u00e7aise (OQLF)<\/a>&nbsp;pour r\u00e9aliser un projet novateur\u202f:&nbsp;<a href=\"https:\/\/arretfrancais.cegep-lanaudiere.qc.ca\/\"><em>Arr\u00eat fran\u00e7ais, pour la maitrise des \u00e9crits juridiques<\/em>.<\/a>&nbsp;L\u2019objectif initial du projet \u00e9tait de r\u00e9pondre \u00e0 une s\u00e9rieuse pr\u00e9occupation des milieux de stage et des employeurs en Techniques juridiques. En effet, ceux-ci observaient des lacunes importantes en fran\u00e7ais chez les \u00e9tudiants et les dipl\u00f4m\u00e9s qu\u2019ils accueillaient.&nbsp;<\/p>\n\n\n\n<p class=\"has-medium-font-size\">Durant deux ans, une \u00e9quipe multidisciplinaire a \u0153uvr\u00e9 \u00e0 d\u00e9velopper du mat\u00e9riel p\u00e9dagogique et une approche permettant d\u2019am\u00e9liorer cette comp\u00e9tence langagi\u00e8re sp\u00e9cifique. Afin de pr\u00e9senter et partager efficacement le fruit de leur travail, l\u2019\u00e9quipe a fait appel \u00e0 l\u2019Agence TIM.<\/p>\n\n\n\n<h3 class=\"wp-block-heading\" id=\"travaux-realise-a-l-hiver-2021\">Travaux r\u00e9alis\u00e9 \u00e0 l\u2019Hiver 2021<\/h3>\n\n\n\n<p class=\"has-medium-font-size\">Tout d\u2019abord, Les \u00e9tudiants de la&nbsp;<a href=\"https:\/\/tim.cegep-lanaudiere.qc.ca\/multisites\/tim2-dev\/annee-2022\/\">cohorte 2022<\/a>&nbsp;de l\u2019agence TIM ont accompagn\u00e9 l\u2019\u00e9quipe du projet dans le d\u00e9veloppement de l\u2019id\u00e9ation et la conception d\u2019une maquette de site web. Par la suite, ils ont proc\u00e9d\u00e9 \u00e0 la conception et l\u2019int\u00e9gration du site web du projet.<\/p>\n\n\n\n<div class=\"wp-block-image\"><figure class=\"aligncenter\"><img decoding=\"async\" src=\"https:\/\/agence.tim.cegep-lanaudiere.qc.ca\/wp-content\/uploads\/2021\/12\/arret-francais-page-accueil-site-web-1024x460.png\" alt=\"\" class=\"wp-image-2179\" \/><figcaption>Page d\u2019accueil du site &nbsp;<a href=\"https:\/\/arretfrancais.cegep-lanaudiere.qc.ca\/\"><em>Arr\u00eat fran\u00e7ais, pour la maitrise des \u00e9crits juridiques<\/em><\/a><\/figcaption><\/figure><\/div>\n\n\n\n<h3 class=\"wp-block-heading\" id=\"travaux-realise-a-l-hiver-2021\">Travaux r\u00e9alis\u00e9 \u00e0 l\u2019automne 2022<\/h3>\n\n\n\n<p class=\"has-medium-font-size\">Les \u00e9tudiants ont \u00e9t\u00e9 charg\u00e9s de la captation, l\u2019\u00e9dition et le montage de 3 capsules vid\u00e9o. Ces capsules ont \u00e9t\u00e9 cr\u00e9\u00e9es avec la participation des promoteurs du projet et des avocats de la r\u00e9gion de Lanaudi\u00e8re : <a href=\"https:\/\/www.youtube.com\/embed\/mkFA5sUni24?start=1&amp;feature=oembed\" target=\"_blank\" rel=\"noreferrer noopener\">Capsule vid\u00e9o r\u00e9alis\u00e9e par les \u00e9tudiants<\/a><\/p>\n\n\n\n<p class=\"has-medium-font-size\">Les \u00e9tudiants ont \u00e9galement \u00e9t\u00e9 responsable de l\u2019id\u00e9ation, de la cr\u00e9ation et du montage d\u2019une capsule vid\u00e9o d\u2019animation graphique : <a href=\"http:\/\/Les \u00e9tudiants ont \u00e9galement \u00e9t\u00e9 responsable de l\u2019id\u00e9ation, de la cr\u00e9ation et du montage d\u2019une capsule vid\u00e9o d\u2019animation graphique.https:\/\/www.youtube.com\/embed\/GEEwwTuWmgA?feature=oembedAnimation graphique r\u00e9alis\u00e9e par les \u00e9tudiants\" target=\"_blank\" rel=\"noreferrer noopener\">Animation graphique r\u00e9alis\u00e9e par les \u00e9tudiants<\/a><\/p>\n\n\n\n<p class=\"has-medium-font-size\">Pour mettre en valeur l\u2019\u00e9quipe, les \u00e9tudiants ont organis\u00e9 une s\u00e9ance photographique. Ils ont \u00e9galement proc\u00e9d\u00e9 \u00e0 l\u2019\u00e9dition des photographies des membres du projet. Enfin, ils ont int\u00e9gr\u00e9 l\u2019ensemble des m\u00e9dias et du contenu sur le site web.<\/p>\n\n\n\n<div class=\"wp-block-image\"><figure class=\"aligncenter\"><img decoding=\"async\" src=\"https:\/\/agence.tim.cegep-lanaudiere.qc.ca\/wp-content\/uploads\/2021\/12\/captation-photo-equipe-arret-francais-1-1024x865.png\" alt=\"\" class=\"wp-image-2181\" \/><figcaption>R\u00e9sultat de la s\u00e9ance photo organis\u00e9e par les \u00e9tudiants<\/figcaption><\/figure><\/div>\n\n\n\n<p class=\"has-medium-font-size\">Enfin, une \u00e9tudiante du programme, Kate Ouellet, a \u00e9galement collabor\u00e9 \u00e0 la production du mat\u00e9riel de promotion imprim\u00e9.<\/p>\n\n\n\n<div class=\"wp-block-image\"><figure class=\"aligncenter\"><img decoding=\"async\" src=\"https:\/\/agence.tim.cegep-lanaudiere.qc.ca\/wp-content\/uploads\/2022\/02\/Affiche_AF_Etudiants_V5-002-687x1024.png\" alt=\"Mat\u00e9riel promotionnel cr\u00e9\u00e9 par Kate Ouellet\" class=\"wp-image-2394\" \/><figcaption>Mat\u00e9riel promotionnel cr\u00e9\u00e9 par Kate Ouellet<\/figcaption><\/figure><\/div>\n\n\n\n<h2 class=\"wp-block-heading\" id=\"le-defi\">Le d\u00e9fi<\/h2>\n\n\n\n<p class=\"has-medium-font-size\">L\u2019id\u00e9ation du site web pour trois profils diff\u00e9rents a n\u00e9cessit\u00e9 beaucoup de recherches. Les \u00e9tudiants ont du r\u00e9fl\u00e9chir activement \u00e0 l\u2019arborescence du site. Les \u00e9tudiants ont d\u00fb explorer plusieurs options pour proposer une structure adapt\u00e9e au projet. Ils ont \u00e9galement d\u00fb mettre \u00e0 profit leurs comp\u00e9tences en programmation web et en gestion de contenu pour adapter le th\u00e8me de l\u2019interface.<\/p>\n\n\n\n<h2 class=\"wp-block-heading\" id=\"les-retombees\">Les retomb\u00e9es<\/h2>\n\n\n\n<p class=\"has-medium-font-size\">Le site web comprenant l\u2019ensemble des m\u00e9dias \u00e0 \u00e9t\u00e9 lanc\u00e9 le 9 f\u00e9vrier 2022. Ce lancement s\u2019est dans le cadre d\u2019un \u00e9v\u00e9nement organis\u00e9 au C\u00e9gep r\u00e9gional de Lanaudi\u00e8re.<\/p>\n\n\n\n<blockquote class=\"wp-block-quote\"><p>Les \u00e9tudiants de Techniques d\u2019int\u00e9gration multim\u00e9dia ont su nous accompagner de mani\u00e8re professionnelle tout au long du projet. Nous sommes extr\u00eamement fiers et satisfaits du r\u00e9sultat.<\/p><cite>Dominique Trudel, charg\u00e9e du projet<\/cite><\/blockquote>\n\n\n\n<div style=\"height:100px\" aria-hidden=\"true\" class=\"wp-block-spacer\"><\/div>\n\n\n\n<ul class=\"wp-block-social-links aligncenter has-normal-icon-size has-icon-color has-icon-background-color is-style-pill-shape is-horizontal is-content-justification-center is-layout-flex wp-container-core-social-links-layout-1 wp-block-social-links-is-layout-flex\"><li style=\"color: #ffffff; background-color: #6a1413; \" class=\"wp-social-link wp-social-link-facebook has-white-color bouton wp-block-social-link\"><a rel=\" noopener nofollow\" target=\"_blank\" href=\"https:\/\/www.facebook.com\/TIMassomption\/\" class=\"wp-block-social-link-anchor\"><svg width=\"24\" height=\"24\" viewBox=\"0 0 24 24\" version=\"1.1\" xmlns=\"http:\/\/www.w3.org\/2000\/svg\" aria-hidden=\"true\" focusable=\"false\"><path d=\"M12 2C6.5 2 2 6.5 2 12c0 5 3.7 9.1 8.4 9.9v-7H7.9V12h2.5V9.8c0-2.5 1.5-3.9 3.8-3.9 1.1 0 2.2.2 2.2.2v2.5h-1.3c-1.2 0-1.6.8-1.6 1.6V12h2.8l-.4 2.9h-2.3v7C18.3 21.1 22 17 22 12c0-5.5-4.5-10-10-10z\"><\/path><\/svg><span class=\"wp-block-social-link-label screen-reader-text\">Facebook<\/span><\/a><\/li>\n\n<li style=\"color: #ffffff; background-color: #6a1413; \" class=\"wp-social-link wp-social-link-instagram has-white-color bouton wp-block-social-link\"><a rel=\" noopener nofollow\" target=\"_blank\" href=\"https:\/\/www.instagram.com\/timassomption\/\" class=\"wp-block-social-link-anchor\"><svg width=\"24\" height=\"24\" viewBox=\"0 0 24 24\" version=\"1.1\" xmlns=\"http:\/\/www.w3.org\/2000\/svg\" aria-hidden=\"true\" focusable=\"false\"><path d=\"M12,4.622c2.403,0,2.688,0.009,3.637,0.052c0.877,0.04,1.354,0.187,1.671,0.31c0.42,0.163,0.72,0.358,1.035,0.673 c0.315,0.315,0.51,0.615,0.673,1.035c0.123,0.317,0.27,0.794,0.31,1.671c0.043,0.949,0.052,1.234,0.052,3.637 s-0.009,2.688-0.052,3.637c-0.04,0.877-0.187,1.354-0.31,1.671c-0.163,0.42-0.358,0.72-0.673,1.035 c-0.315,0.315-0.615,0.51-1.035,0.673c-0.317,0.123-0.794,0.27-1.671,0.31c-0.949,0.043-1.233,0.052-3.637,0.052 s-2.688-0.009-3.637-0.052c-0.877-0.04-1.354-0.187-1.671-0.31c-0.42-0.163-0.72-0.358-1.035-0.673 c-0.315-0.315-0.51-0.615-0.673-1.035c-0.123-0.317-0.27-0.794-0.31-1.671C4.631,14.688,4.622,14.403,4.622,12 s0.009-2.688,0.052-3.637c0.04-0.877,0.187-1.354,0.31-1.671c0.163-0.42,0.358-0.72,0.673-1.035 c0.315-0.315,0.615-0.51,1.035-0.673c0.317-0.123,0.794-0.27,1.671-0.31C9.312,4.631,9.597,4.622,12,4.622 M12,3 C9.556,3,9.249,3.01,8.289,3.054C7.331,3.098,6.677,3.25,6.105,3.472C5.513,3.702,5.011,4.01,4.511,4.511 c-0.5,0.5-0.808,1.002-1.038,1.594C3.25,6.677,3.098,7.331,3.054,8.289C3.01,9.249,3,9.556,3,12c0,2.444,0.01,2.751,0.054,3.711 c0.044,0.958,0.196,1.612,0.418,2.185c0.23,0.592,0.538,1.094,1.038,1.594c0.5,0.5,1.002,0.808,1.594,1.038 c0.572,0.222,1.227,0.375,2.185,0.418C9.249,20.99,9.556,21,12,21s2.751-0.01,3.711-0.054c0.958-0.044,1.612-0.196,2.185-0.418 c0.592-0.23,1.094-0.538,1.594-1.038c0.5-0.5,0.808-1.002,1.038-1.594c0.222-0.572,0.375-1.227,0.418-2.185 C20.99,14.751,21,14.444,21,12s-0.01-2.751-0.054-3.711c-0.044-0.958-0.196-1.612-0.418-2.185c-0.23-0.592-0.538-1.094-1.038-1.594 c-0.5-0.5-1.002-0.808-1.594-1.038c-0.572-0.222-1.227-0.375-2.185-0.418C14.751,3.01,14.444,3,12,3L12,3z M12,7.378 c-2.552,0-4.622,2.069-4.622,4.622S9.448,16.622,12,16.622s4.622-2.069,4.622-4.622S14.552,7.378,12,7.378z M12,15 c-1.657,0-3-1.343-3-3s1.343-3,3-3s3,1.343,3,3S13.657,15,12,15z M16.804,6.116c-0.596,0-1.08,0.484-1.08,1.08 s0.484,1.08,1.08,1.08c0.596,0,1.08-0.484,1.08-1.08S17.401,6.116,16.804,6.116z\"><\/path><\/svg><span class=\"wp-block-social-link-label screen-reader-text\">Instagram<\/span><\/a><\/li>\n\n<li style=\"color: #ffffff; background-color: #6a1413; \" class=\"wp-social-link wp-social-link-youtube has-white-color bouton wp-block-social-link\"><a rel=\" noopener nofollow\" target=\"_blank\" href=\"https:\/\/www.youtube.com\/channel\/UC56MCFkscANgxW2vxW_8GHA\" class=\"wp-block-social-link-anchor\"><svg width=\"24\" height=\"24\" viewBox=\"0 0 24 24\" version=\"1.1\" xmlns=\"http:\/\/www.w3.org\/2000\/svg\" aria-hidden=\"true\" focusable=\"false\"><path d=\"M21.8,8.001c0,0-0.195-1.378-0.795-1.985c-0.76-0.797-1.613-0.801-2.004-0.847c-2.799-0.202-6.997-0.202-6.997-0.202 h-0.009c0,0-4.198,0-6.997,0.202C4.608,5.216,3.756,5.22,2.995,6.016C2.395,6.623,2.2,8.001,2.2,8.001S2,9.62,2,11.238v1.517 c0,1.618,0.2,3.237,0.2,3.237s0.195,1.378,0.795,1.985c0.761,0.797,1.76,0.771,2.205,0.855c1.6,0.153,6.8,0.201,6.8,0.201 s4.203-0.006,7.001-0.209c0.391-0.047,1.243-0.051,2.004-0.847c0.6-0.607,0.795-1.985,0.795-1.985s0.2-1.618,0.2-3.237v-1.517 C22,9.62,21.8,8.001,21.8,8.001z M9.935,14.594l-0.001-5.62l5.404,2.82L9.935,14.594z\"><\/path><\/svg><span class=\"wp-block-social-link-label screen-reader-text\">YouTube<\/span><\/a><\/li><\/ul>\n","protected":false},"excerpt":{"rendered":"<p>Le mandat Au printemps 2019, le&nbsp;C\u00e9gep r\u00e9gional de Lanaudi\u00e8re \u00e0 L\u2019Assomption (CRLA)&nbsp;recevait une importante subvention de l\u2019Office qu\u00e9b\u00e9cois de la langue fran\u00e7aise (OQLF)&nbsp;pour r\u00e9aliser un projet novateur\u202f:&nbsp;Arr\u00eat fran\u00e7ais, pour la&#8230;<\/p>\n<div class=\"royalwp-readmore-wrap\"><a href=\"https:\/\/tim.cegep-lanaudiere.qc.ca\/multisites\/tim2-dev\/arret-francais\/\" class=\"royalwp-readmore\">Lire plus <i class=\"far fa-hand-point-right\"><\/i><\/a><\/div>\n","protected":false},"author":10,"featured_media":0,"parent":0,"menu_order":0,"comment_status":"closed","ping_status":"closed","template":"","meta":{"footnotes":""},"_links":{"self":[{"href":"https:\/\/tim.cegep-lanaudiere.qc.ca\/multisites\/tim2-dev\/wp-json\/wp\/v2\/pages\/694"}],"collection":[{"href":"https:\/\/tim.cegep-lanaudiere.qc.ca\/multisites\/tim2-dev\/wp-json\/wp\/v2\/pages"}],"about":[{"href":"https:\/\/tim.cegep-lanaudiere.qc.ca\/multisites\/tim2-dev\/wp-json\/wp\/v2\/types\/page"}],"author":[{"embeddable":true,"href":"https:\/\/tim.cegep-lanaudiere.qc.ca\/multisites\/tim2-dev\/wp-json\/wp\/v2\/users\/10"}],"replies":[{"embeddable":true,"href":"https:\/\/tim.cegep-lanaudiere.qc.ca\/multisites\/tim2-dev\/wp-json\/wp\/v2\/comments?post=694"}],"version-history":[{"count":9,"href":"https:\/\/tim.cegep-lanaudiere.qc.ca\/multisites\/tim2-dev\/wp-json\/wp\/v2\/pages\/694\/revisions"}],"predecessor-version":[{"id":1065,"href":"https:\/\/tim.cegep-lanaudiere.qc.ca\/multisites\/tim2-dev\/wp-json\/wp\/v2\/pages\/694\/revisions\/1065"}],"wp:attachment":[{"href":"https:\/\/tim.cegep-lanaudiere.qc.ca\/multisites\/tim2-dev\/wp-json\/wp\/v2\/media?parent=694"}],"curies":[{"name":"wp","href":"https:\/\/api.w.org\/{rel}","templated":true}]}}