{"id":708,"date":"2022-03-21T16:22:45","date_gmt":"2022-03-21T16:22:45","guid":{"rendered":"https:\/\/tim.cegep-lanaudiere.qc.ca\/multisites\/tim2-dev\/?page_id=708"},"modified":"2022-03-25T14:23:41","modified_gmt":"2022-03-25T14:23:41","slug":"gestion-de-presence-sur-les-medias-sociaux","status":"publish","type":"page","link":"https:\/\/tim.cegep-lanaudiere.qc.ca\/multisites\/tim2-dev\/gestion-de-presence-sur-les-medias-sociaux\/","title":{"rendered":"Gestion de pr\u00e9sence sur les m\u00e9dias sociaux"},"content":{"rendered":"\n<div class=\"wp-block-cover is-light\"><span aria-hidden=\"true\" class=\"wp-block-cover__gradient-background has-background-dim\"><\/span><img loading=\"lazy\" decoding=\"async\" width=\"1032\" height=\"745\" class=\"wp-block-cover__image-background wp-image-705\" alt=\"\" src=\"https:\/\/tim.cegep-lanaudiere.qc.ca\/multisites\/tim2-dev\/wp-content\/uploads\/sites\/4\/2022\/03\/iconrs.png\" data-object-fit=\"cover\" srcset=\"https:\/\/tim.cegep-lanaudiere.qc.ca\/multisites\/tim2-dev\/files\/2022\/03\/iconrs.png 1032w, https:\/\/tim.cegep-lanaudiere.qc.ca\/multisites\/tim2-dev\/files\/2022\/03\/iconrs-300x217.png 300w, https:\/\/tim.cegep-lanaudiere.qc.ca\/multisites\/tim2-dev\/files\/2022\/03\/iconrs-1024x739.png 1024w, https:\/\/tim.cegep-lanaudiere.qc.ca\/multisites\/tim2-dev\/files\/2022\/03\/iconrs-768x554.png 768w\" sizes=\"(max-width: 1032px) 100vw, 1032px\" \/><div class=\"wp-block-cover__inner-container is-layout-flow wp-block-cover-is-layout-flow\">\n<p class=\"has-text-align-center has-white-color has-text-color has-large-font-size\">Gestion de pr\u00e9sence sur les m\u00e9dias sociaux<\/p>\n<\/div><\/div>\n\n\n\n<div class=\"wp-block-image\"><figure class=\"aligncenter size-large\"><img loading=\"lazy\" decoding=\"async\" width=\"1024\" height=\"739\" src=\"https:\/\/tim.cegep-lanaudiere.qc.ca\/multisites\/tim2-dev\/wp-content\/uploads\/sites\/4\/2022\/03\/iconrs-1024x739.png\" alt=\"\" class=\"wp-image-705\" srcset=\"https:\/\/tim.cegep-lanaudiere.qc.ca\/multisites\/tim2-dev\/files\/2022\/03\/iconrs-1024x739.png 1024w, https:\/\/tim.cegep-lanaudiere.qc.ca\/multisites\/tim2-dev\/files\/2022\/03\/iconrs-300x217.png 300w, https:\/\/tim.cegep-lanaudiere.qc.ca\/multisites\/tim2-dev\/files\/2022\/03\/iconrs-768x554.png 768w, https:\/\/tim.cegep-lanaudiere.qc.ca\/multisites\/tim2-dev\/files\/2022\/03\/iconrs.png 1032w\" sizes=\"(max-width: 1024px) 100vw, 1024px\" \/><\/figure><\/div>\n\n\n\n<p class=\"has-medium-font-size\">Vous avez de la difficult\u00e9 a percer sur les diff\u00e9rents m\u00e9dias sociaux ?<\/p>\n\n\n\n<p class=\"has-medium-font-size\">Vous voulez apprendre \u00e0 g\u00e9rer votre pr\u00e9sence sur ceux-ci pour augmenter la port\u00e9e de vos publications?<\/p>\n\n\n\n<p class=\"has-medium-font-size\">D\u00e9couvrez comment l\u2019agence TIM peut vous aider \u00e0 g\u00e9rer augmenter l\u2019engagement de votre communaut\u00e9!<\/p>\n\n\n\n<h2 class=\"wp-block-heading\" id=\"notre-proposition\">Notre proposition<\/h2>\n\n\n\n<p class=\"has-medium-font-size\">Notre \u00e9quipe vous guidera dans votre prise de d\u00e9cision pour choisir le contenu \u00e0 publier sur vos diff\u00e9rentes plateformes. Il vous aideront notamment \u00e0 d\u00e9terminer quels \u00e9l\u00e9ments \u00e0 mettre en \u00e9vidence afin d\u2019accrocher un public et les inciter \u00e0 interagir.<\/p>\n\n\n\n<div class=\"wp-block-image\"><figure class=\"aligncenter\"><img decoding=\"async\" src=\"https:\/\/agence.tim.cegep-lanaudiere.qc.ca\/wp-content\/uploads\/2021\/10\/pexels-cristian-dina-1851415-1024x683.jpg\" alt=\"Pr\u00e9sence d'interactions des m\u00e9dias sociaux. \" class=\"wp-image-493\" \/><figcaption>Source :&nbsp;<a href=\"https:\/\/www.pexels.com\/fr-fr\/photo\/smartphone-blanc-1851415\/\">Pexels<\/a><\/figcaption><\/figure><\/div>\n\n\n\n<hr class=\"wp-block-separator\" \/>\n\n\n\n<h2 class=\"wp-block-heading\" id=\"mais-quels-reseaux-choisir-pour-assurer-ma-presence\">Mais quels r\u00e9seaux choisir pour assurer ma pr\u00e9sence ?<\/h2>\n\n\n\n<p class=\"has-medium-font-size\">Tout d\u00e9pend de ce que vous voulez publier! Il est donc important avant de prendre une d\u00e9cision, de cibler quel type de contenu vous d\u00e9sirez offrir et \u00e0 quelle fr\u00e9quence. Pour vous aider \u00e0 y voir plus clair, voici la description des diff\u00e9rents m\u00e9dias sociaux tels que pr\u00e9sent\u00e9s sur le site&nbsp;<a href=\"https:\/\/www2.gouv.qc.ca\/portail\/quebec\/marketing?g=marketing&amp;sg=&amp;t=s&amp;e=466576978\">Entreprise Qu\u00e9bec<\/a>:<\/p>\n\n\n\n<blockquote class=\"wp-block-quote has-medium-font-size\"><p><strong>Instagram<\/strong>&nbsp;:Permet d\u2019\u00e9changer des photos et des vid\u00e9os prises. On y regarde les photos de gens qu\u2019on suit ou encore des photos cat\u00e9goris\u00e9es selon des mot-clics.<\/p><p><strong>Twitter<\/strong>&nbsp;: Caract\u00e9ris\u00e9 par la longueur des messages qu\u2019on peut y diffuser, limit\u00e9e \u00e0 280 caract\u00e8res. Cette bri\u00e8vet\u00e9 permet notamment aux utilisateurs d\u2019avoir acc\u00e8s \u00e0 un plus grand nombre de publications (micro messages, gazouillis ou&nbsp;<em>tweets<\/em>) en un coup d\u2019\u0153il. Les mot-clics (qui d\u00e9butent par un #) se trouvant dans les publications servent \u00e0 les cat\u00e9goriser. Ils permettent ainsi de s\u2019int\u00e9resser \u00e0 des sujets pr\u00e9cis et d\u2019augmenter la port\u00e9e des publications.<\/p><p><strong>Facebook<\/strong>&nbsp;: Le plus populaire dans le monde. Il est surtout utilis\u00e9 pour \u00e9changer entre amis, parents et coll\u00e8gues. Une certaine proportion d\u2019utilisateurs y suit aussi les publications d\u2019entreprises priv\u00e9es ou d\u2019organismes publics. On y publie des messages, des vid\u00e9os ou des photos.<\/p><p><strong>Llinkedin<\/strong>&nbsp;: Bas\u00e9 sur les relations professionnelles de ses membres. On y entre en contact avec des coll\u00e8gues ou des sp\u00e9cialistes du m\u00eame domaine que soi ou de domaines connexes. Les parcours professionnels des membres de LinkedIn repr\u00e9sentent une bonne partie des informations qu\u2019on y trouve. Si votre client\u00e8le est essentiellement compos\u00e9e d\u2019autres entreprises, LinkedIn est un incontournable. Ce r\u00e9seau peut aussi \u00eatre utile pour recruter des employ\u00e9s.<\/p><p><strong>Youtube :<\/strong>&nbsp;Permet aux utilisateurs de cr\u00e9er leurs propres vid\u00e9os et de les diffuser. La recherche sur YouTube se fait \u00e0 l\u2019aide de mots cl\u00e9s (<em>tags<\/em>). Une entreprise qui se cr\u00e9e une cha\u00eene sur YouTube peut, par exemple, gagner de la notori\u00e9t\u00e9. Les internautes ont la possibilit\u00e9 de s\u2019abonner \u00e0 la cha\u00eene de l\u2019entreprise et ont ainsi rapidement acc\u00e8s aux vid\u00e9os qu\u2019elle diffuse.<\/p><cite>Source:&nbsp;<a href=\"https:\/\/www2.gouv.qc.ca\/portail\/quebec\/marketing?g=marketing&amp;sg=&amp;t=s&amp;e=466576978\">Entreprise Qu\u00e9bec<\/a><\/cite><\/blockquote>\n\n\n\n<div class=\"wp-block-image\"><figure class=\"aligncenter\"><img decoding=\"async\" src=\"https:\/\/agence.tim.cegep-lanaudiere.qc.ca\/wp-content\/uploads\/2021\/10\/pexels-tracy-le-blanc-607812-1024x683.jpg\" alt=\"Pr\u00e9sence des logos de diff\u00e9rentes compagnies sur mobile.\" class=\"wp-image-486\" \/><figcaption>Source :&nbsp;<a href=\"https:\/\/www.pexels.com\/fr-fr\/chercher\/social%20media\/\">Pexels<\/a><\/figcaption><\/figure><\/div>\n\n\n\n<h2 class=\"wp-block-heading\" id=\"nos-services\">Nos services<\/h2>\n\n\n\n<p class=\"has-medium-font-size\">Notre \u00e9quipe d\u2019\u00e9tudiants passionn\u00e9s vous accompagnera autant dans :<\/p>\n\n\n\n<p class=\"has-medium-font-size\">\u2022 la cr\u00e9ation de votre identit\u00e9 sur les m\u00e9dias sociaux<\/p>\n\n\n\n<p class=\"has-medium-font-size\">\u2022 l\u2019identification de votre public cible<\/p>\n\n\n\n<p class=\"has-medium-font-size\">\u2022 l\u2019\u00e9laboration de la strat\u00e9gie favorisant l\u2019engagement de votre communaut\u00e9<\/p>\n\n\n\n<p class=\"has-medium-font-size\">\u2022 l\u2019optimisation de vos m\u00e9dias<\/p>\n\n\n\n<p class=\"has-medium-font-size\">\u2022 la planification de vos publications<\/p>\n\n\n\n<div style=\"height:100px\" aria-hidden=\"true\" class=\"wp-block-spacer\"><\/div>\n\n\n\n<ul class=\"wp-block-social-links aligncenter has-normal-icon-size has-icon-color has-icon-background-color is-style-pill-shape is-horizontal is-content-justification-center is-layout-flex wp-container-core-social-links-layout-1 wp-block-social-links-is-layout-flex\"><li style=\"color: #ffffff; background-color: #6a1413; \" class=\"wp-social-link wp-social-link-facebook has-white-color bouton wp-block-social-link\"><a rel=\" noopener nofollow\" target=\"_blank\" href=\"https:\/\/www.facebook.com\/TIMassomption\/\" class=\"wp-block-social-link-anchor\"><svg width=\"24\" height=\"24\" viewBox=\"0 0 24 24\" version=\"1.1\" xmlns=\"http:\/\/www.w3.org\/2000\/svg\" aria-hidden=\"true\" focusable=\"false\"><path d=\"M12 2C6.5 2 2 6.5 2 12c0 5 3.7 9.1 8.4 9.9v-7H7.9V12h2.5V9.8c0-2.5 1.5-3.9 3.8-3.9 1.1 0 2.2.2 2.2.2v2.5h-1.3c-1.2 0-1.6.8-1.6 1.6V12h2.8l-.4 2.9h-2.3v7C18.3 21.1 22 17 22 12c0-5.5-4.5-10-10-10z\"><\/path><\/svg><span class=\"wp-block-social-link-label screen-reader-text\">Facebook<\/span><\/a><\/li>\n\n<li style=\"color: #ffffff; background-color: #6a1413; \" class=\"wp-social-link wp-social-link-instagram has-white-color bouton wp-block-social-link\"><a rel=\" noopener nofollow\" target=\"_blank\" href=\"https:\/\/www.instagram.com\/timassomption\/\" class=\"wp-block-social-link-anchor\"><svg width=\"24\" height=\"24\" viewBox=\"0 0 24 24\" version=\"1.1\" xmlns=\"http:\/\/www.w3.org\/2000\/svg\" aria-hidden=\"true\" focusable=\"false\"><path d=\"M12,4.622c2.403,0,2.688,0.009,3.637,0.052c0.877,0.04,1.354,0.187,1.671,0.31c0.42,0.163,0.72,0.358,1.035,0.673 c0.315,0.315,0.51,0.615,0.673,1.035c0.123,0.317,0.27,0.794,0.31,1.671c0.043,0.949,0.052,1.234,0.052,3.637 s-0.009,2.688-0.052,3.637c-0.04,0.877-0.187,1.354-0.31,1.671c-0.163,0.42-0.358,0.72-0.673,1.035 c-0.315,0.315-0.615,0.51-1.035,0.673c-0.317,0.123-0.794,0.27-1.671,0.31c-0.949,0.043-1.233,0.052-3.637,0.052 s-2.688-0.009-3.637-0.052c-0.877-0.04-1.354-0.187-1.671-0.31c-0.42-0.163-0.72-0.358-1.035-0.673 c-0.315-0.315-0.51-0.615-0.673-1.035c-0.123-0.317-0.27-0.794-0.31-1.671C4.631,14.688,4.622,14.403,4.622,12 s0.009-2.688,0.052-3.637c0.04-0.877,0.187-1.354,0.31-1.671c0.163-0.42,0.358-0.72,0.673-1.035 c0.315-0.315,0.615-0.51,1.035-0.673c0.317-0.123,0.794-0.27,1.671-0.31C9.312,4.631,9.597,4.622,12,4.622 M12,3 C9.556,3,9.249,3.01,8.289,3.054C7.331,3.098,6.677,3.25,6.105,3.472C5.513,3.702,5.011,4.01,4.511,4.511 c-0.5,0.5-0.808,1.002-1.038,1.594C3.25,6.677,3.098,7.331,3.054,8.289C3.01,9.249,3,9.556,3,12c0,2.444,0.01,2.751,0.054,3.711 c0.044,0.958,0.196,1.612,0.418,2.185c0.23,0.592,0.538,1.094,1.038,1.594c0.5,0.5,1.002,0.808,1.594,1.038 c0.572,0.222,1.227,0.375,2.185,0.418C9.249,20.99,9.556,21,12,21s2.751-0.01,3.711-0.054c0.958-0.044,1.612-0.196,2.185-0.418 c0.592-0.23,1.094-0.538,1.594-1.038c0.5-0.5,0.808-1.002,1.038-1.594c0.222-0.572,0.375-1.227,0.418-2.185 C20.99,14.751,21,14.444,21,12s-0.01-2.751-0.054-3.711c-0.044-0.958-0.196-1.612-0.418-2.185c-0.23-0.592-0.538-1.094-1.038-1.594 c-0.5-0.5-1.002-0.808-1.594-1.038c-0.572-0.222-1.227-0.375-2.185-0.418C14.751,3.01,14.444,3,12,3L12,3z M12,7.378 c-2.552,0-4.622,2.069-4.622,4.622S9.448,16.622,12,16.622s4.622-2.069,4.622-4.622S14.552,7.378,12,7.378z M12,15 c-1.657,0-3-1.343-3-3s1.343-3,3-3s3,1.343,3,3S13.657,15,12,15z M16.804,6.116c-0.596,0-1.08,0.484-1.08,1.08 s0.484,1.08,1.08,1.08c0.596,0,1.08-0.484,1.08-1.08S17.401,6.116,16.804,6.116z\"><\/path><\/svg><span class=\"wp-block-social-link-label screen-reader-text\">Instagram<\/span><\/a><\/li>\n\n<li style=\"color: #ffffff; background-color: #6a1413; \" class=\"wp-social-link wp-social-link-youtube has-white-color bouton wp-block-social-link\"><a rel=\" noopener nofollow\" target=\"_blank\" href=\"https:\/\/www.youtube.com\/channel\/UC56MCFkscANgxW2vxW_8GHA\" class=\"wp-block-social-link-anchor\"><svg width=\"24\" height=\"24\" viewBox=\"0 0 24 24\" version=\"1.1\" xmlns=\"http:\/\/www.w3.org\/2000\/svg\" aria-hidden=\"true\" focusable=\"false\"><path d=\"M21.8,8.001c0,0-0.195-1.378-0.795-1.985c-0.76-0.797-1.613-0.801-2.004-0.847c-2.799-0.202-6.997-0.202-6.997-0.202 h-0.009c0,0-4.198,0-6.997,0.202C4.608,5.216,3.756,5.22,2.995,6.016C2.395,6.623,2.2,8.001,2.2,8.001S2,9.62,2,11.238v1.517 c0,1.618,0.2,3.237,0.2,3.237s0.195,1.378,0.795,1.985c0.761,0.797,1.76,0.771,2.205,0.855c1.6,0.153,6.8,0.201,6.8,0.201 s4.203-0.006,7.001-0.209c0.391-0.047,1.243-0.051,2.004-0.847c0.6-0.607,0.795-1.985,0.795-1.985s0.2-1.618,0.2-3.237v-1.517 C22,9.62,21.8,8.001,21.8,8.001z M9.935,14.594l-0.001-5.62l5.404,2.82L9.935,14.594z\"><\/path><\/svg><span class=\"wp-block-social-link-label screen-reader-text\">YouTube<\/span><\/a><\/li><\/ul>\n","protected":false},"excerpt":{"rendered":"<p>Vous avez de la difficult\u00e9 a percer sur les diff\u00e9rents m\u00e9dias sociaux ? Vous voulez apprendre \u00e0 g\u00e9rer votre pr\u00e9sence sur ceux-ci pour augmenter la port\u00e9e de vos publications? D\u00e9couvrez&#8230;<\/p>\n<div class=\"royalwp-readmore-wrap\"><a href=\"https:\/\/tim.cegep-lanaudiere.qc.ca\/multisites\/tim2-dev\/gestion-de-presence-sur-les-medias-sociaux\/\" class=\"royalwp-readmore\">Lire plus <i class=\"far fa-hand-point-right\"><\/i><\/a><\/div>\n","protected":false},"author":10,"featured_media":0,"parent":0,"menu_order":0,"comment_status":"closed","ping_status":"closed","template":"","meta":{"footnotes":""},"_links":{"self":[{"href":"https:\/\/tim.cegep-lanaudiere.qc.ca\/multisites\/tim2-dev\/wp-json\/wp\/v2\/pages\/708"}],"collection":[{"href":"https:\/\/tim.cegep-lanaudiere.qc.ca\/multisites\/tim2-dev\/wp-json\/wp\/v2\/pages"}],"about":[{"href":"https:\/\/tim.cegep-lanaudiere.qc.ca\/multisites\/tim2-dev\/wp-json\/wp\/v2\/types\/page"}],"author":[{"embeddable":true,"href":"https:\/\/tim.cegep-lanaudiere.qc.ca\/multisites\/tim2-dev\/wp-json\/wp\/v2\/users\/10"}],"replies":[{"embeddable":true,"href":"https:\/\/tim.cegep-lanaudiere.qc.ca\/multisites\/tim2-dev\/wp-json\/wp\/v2\/comments?post=708"}],"version-history":[{"count":7,"href":"https:\/\/tim.cegep-lanaudiere.qc.ca\/multisites\/tim2-dev\/wp-json\/wp\/v2\/pages\/708\/revisions"}],"predecessor-version":[{"id":1070,"href":"https:\/\/tim.cegep-lanaudiere.qc.ca\/multisites\/tim2-dev\/wp-json\/wp\/v2\/pages\/708\/revisions\/1070"}],"wp:attachment":[{"href":"https:\/\/tim.cegep-lanaudiere.qc.ca\/multisites\/tim2-dev\/wp-json\/wp\/v2\/media?parent=708"}],"curies":[{"name":"wp","href":"https:\/\/api.w.org\/{rel}","templated":true}]}}