{"id":730,"date":"2022-03-21T16:37:39","date_gmt":"2022-03-21T16:37:39","guid":{"rendered":"https:\/\/tim.cegep-lanaudiere.qc.ca\/multisites\/tim2-dev\/?page_id=730"},"modified":"2022-03-25T14:23:51","modified_gmt":"2022-03-25T14:23:51","slug":"modelisation-3d","status":"publish","type":"page","link":"https:\/\/tim.cegep-lanaudiere.qc.ca\/multisites\/tim2-dev\/modelisation-3d\/","title":{"rendered":"Mod\u00e9lisation 3D"},"content":{"rendered":"\n<div class=\"wp-block-cover is-light\"><span aria-hidden=\"true\" class=\"wp-block-cover__gradient-background has-background-dim\"><\/span><img loading=\"lazy\" decoding=\"async\" width=\"1327\" height=\"805\" class=\"wp-block-cover__image-background wp-image-728\" alt=\"\" src=\"https:\/\/tim.cegep-lanaudiere.qc.ca\/multisites\/tim2-dev\/wp-content\/uploads\/sites\/4\/2022\/03\/undraw_3d_modeling_h60h.png\" data-object-fit=\"cover\" srcset=\"https:\/\/tim.cegep-lanaudiere.qc.ca\/multisites\/tim2-dev\/files\/2022\/03\/undraw_3d_modeling_h60h.png 1327w, https:\/\/tim.cegep-lanaudiere.qc.ca\/multisites\/tim2-dev\/files\/2022\/03\/undraw_3d_modeling_h60h-300x182.png 300w, https:\/\/tim.cegep-lanaudiere.qc.ca\/multisites\/tim2-dev\/files\/2022\/03\/undraw_3d_modeling_h60h-1024x621.png 1024w, https:\/\/tim.cegep-lanaudiere.qc.ca\/multisites\/tim2-dev\/files\/2022\/03\/undraw_3d_modeling_h60h-768x466.png 768w\" sizes=\"(max-width: 1327px) 100vw, 1327px\" \/><div class=\"wp-block-cover__inner-container is-layout-flow wp-block-cover-is-layout-flow\">\n<p class=\"has-text-align-center has-white-color has-text-color has-large-font-size\">Mod\u00e9lisation 3D<\/p>\n<\/div><\/div>\n\n\n\n<figure class=\"wp-block-image\"><img decoding=\"async\" src=\"https:\/\/agence.tim.cegep-lanaudiere.qc.ca\/wp-content\/uploads\/2021\/09\/undraw_3d_modeling_h60h.png\" alt=\"\" \/><\/figure>\n\n\n\n<p class=\"has-medium-font-size\">La mod\u00e9lisation 3D permet de donner vie et de repr\u00e9senter vos environnements et vos produits. Facilitez la compr\u00e9hension de votre client\u00e8le par une mod\u00e9lisation 3D professionnelle.<\/p>\n\n\n\n<h2 class=\"wp-block-heading\" id=\"qu-est-ce-que-la-modelisation-3d\">Qu\u2019est-ce que la mod\u00e9lisation 3D<\/h2>\n\n\n\n<p class=\"has-medium-font-size\">La mod\u00e9lisation 3D est le principe o\u00f9 un artiste cr\u00e9er un objet en trois dimensions. Ces repr\u00e9sentations vous aideront \u00e0 cr\u00e9er une exp\u00e9rience immersive \u00e0 l\u2019aide d\u2019un environnement tridimensionnel. Elles vous permettront de pr\u00e9senter des r\u00e9alit\u00e9s abstraites ou complexes.<\/p>\n\n\n\n<figure class=\"wp-block-image\"><img decoding=\"async\" src=\"https:\/\/agence.tim.cegep-lanaudiere.qc.ca\/wp-content\/uploads\/2021\/10\/582-M3A-CA_A20_GalipeauR_TP2_Rendu-1024x576.jpg\" alt=\"Mod\u00e9lisation 3D de jeux d'\u00e9chec\" class=\"wp-image-472\" \/><figcaption>Jeux d\u2019\u00e9checs en vitre r\u00e9alis\u00e9e en 3D par&nbsp;<a href=\"https:\/\/www.behance.net\/gallery\/128204957\/Portfolio-Web-Raphael-Galipeau\" target=\"_blank\" rel=\"noreferrer noopener\">Rapha\u00ebl Galipeau<\/a><\/figcaption><\/figure>\n\n\n\n<h2 class=\"wp-block-heading\" id=\"notre-offre\">Notre offre<\/h2>\n\n\n\n<p class=\"has-medium-font-size\">L\u2019agence TIM peut vous offrir des services de mod\u00e9lisation qui vous permettront de pr\u00e9senter vos produits de mani\u00e8re dynamique. L\u2019animation 3D peut \u00eatre pertinente autant pour un site web qu\u2019une vid\u00e9o.<\/p>\n\n\n\n<figure class=\"wp-block-image\"><img decoding=\"async\" src=\"https:\/\/agence.tim.cegep-lanaudiere.qc.ca\/wp-content\/uploads\/2021\/10\/582-M3C-CA_A20_BeaudoinV_tp5-1-1024x576.jpg\" alt=\"\" class=\"wp-image-1932\" \/><figcaption>Environnement 3D cr\u00e9\u00e9 par Vincent Beaudoin<\/figcaption><\/figure>\n\n\n\n<div style=\"height:100px\" aria-hidden=\"true\" class=\"wp-block-spacer\"><\/div>\n\n\n\n<ul class=\"wp-block-social-links aligncenter has-normal-icon-size has-icon-color has-icon-background-color is-style-pill-shape is-horizontal is-content-justification-center is-layout-flex wp-container-core-social-links-layout-1 wp-block-social-links-is-layout-flex\"><li style=\"color: #ffffff; background-color: #6a1413; \" class=\"wp-social-link wp-social-link-facebook has-white-color bouton wp-block-social-link\"><a rel=\" noopener nofollow\" target=\"_blank\" href=\"https:\/\/www.facebook.com\/TIMassomption\/\" class=\"wp-block-social-link-anchor\"><svg width=\"24\" height=\"24\" viewBox=\"0 0 24 24\" version=\"1.1\" xmlns=\"http:\/\/www.w3.org\/2000\/svg\" aria-hidden=\"true\" focusable=\"false\"><path d=\"M12 2C6.5 2 2 6.5 2 12c0 5 3.7 9.1 8.4 9.9v-7H7.9V12h2.5V9.8c0-2.5 1.5-3.9 3.8-3.9 1.1 0 2.2.2 2.2.2v2.5h-1.3c-1.2 0-1.6.8-1.6 1.6V12h2.8l-.4 2.9h-2.3v7C18.3 21.1 22 17 22 12c0-5.5-4.5-10-10-10z\"><\/path><\/svg><span class=\"wp-block-social-link-label screen-reader-text\">Facebook<\/span><\/a><\/li>\n\n<li style=\"color: #ffffff; background-color: #6a1413; \" class=\"wp-social-link wp-social-link-instagram has-white-color bouton wp-block-social-link\"><a rel=\" noopener nofollow\" target=\"_blank\" href=\"https:\/\/www.instagram.com\/timassomption\/\" class=\"wp-block-social-link-anchor\"><svg width=\"24\" height=\"24\" viewBox=\"0 0 24 24\" version=\"1.1\" xmlns=\"http:\/\/www.w3.org\/2000\/svg\" aria-hidden=\"true\" focusable=\"false\"><path d=\"M12,4.622c2.403,0,2.688,0.009,3.637,0.052c0.877,0.04,1.354,0.187,1.671,0.31c0.42,0.163,0.72,0.358,1.035,0.673 c0.315,0.315,0.51,0.615,0.673,1.035c0.123,0.317,0.27,0.794,0.31,1.671c0.043,0.949,0.052,1.234,0.052,3.637 s-0.009,2.688-0.052,3.637c-0.04,0.877-0.187,1.354-0.31,1.671c-0.163,0.42-0.358,0.72-0.673,1.035 c-0.315,0.315-0.615,0.51-1.035,0.673c-0.317,0.123-0.794,0.27-1.671,0.31c-0.949,0.043-1.233,0.052-3.637,0.052 s-2.688-0.009-3.637-0.052c-0.877-0.04-1.354-0.187-1.671-0.31c-0.42-0.163-0.72-0.358-1.035-0.673 c-0.315-0.315-0.51-0.615-0.673-1.035c-0.123-0.317-0.27-0.794-0.31-1.671C4.631,14.688,4.622,14.403,4.622,12 s0.009-2.688,0.052-3.637c0.04-0.877,0.187-1.354,0.31-1.671c0.163-0.42,0.358-0.72,0.673-1.035 c0.315-0.315,0.615-0.51,1.035-0.673c0.317-0.123,0.794-0.27,1.671-0.31C9.312,4.631,9.597,4.622,12,4.622 M12,3 C9.556,3,9.249,3.01,8.289,3.054C7.331,3.098,6.677,3.25,6.105,3.472C5.513,3.702,5.011,4.01,4.511,4.511 c-0.5,0.5-0.808,1.002-1.038,1.594C3.25,6.677,3.098,7.331,3.054,8.289C3.01,9.249,3,9.556,3,12c0,2.444,0.01,2.751,0.054,3.711 c0.044,0.958,0.196,1.612,0.418,2.185c0.23,0.592,0.538,1.094,1.038,1.594c0.5,0.5,1.002,0.808,1.594,1.038 c0.572,0.222,1.227,0.375,2.185,0.418C9.249,20.99,9.556,21,12,21s2.751-0.01,3.711-0.054c0.958-0.044,1.612-0.196,2.185-0.418 c0.592-0.23,1.094-0.538,1.594-1.038c0.5-0.5,0.808-1.002,1.038-1.594c0.222-0.572,0.375-1.227,0.418-2.185 C20.99,14.751,21,14.444,21,12s-0.01-2.751-0.054-3.711c-0.044-0.958-0.196-1.612-0.418-2.185c-0.23-0.592-0.538-1.094-1.038-1.594 c-0.5-0.5-1.002-0.808-1.594-1.038c-0.572-0.222-1.227-0.375-2.185-0.418C14.751,3.01,14.444,3,12,3L12,3z M12,7.378 c-2.552,0-4.622,2.069-4.622,4.622S9.448,16.622,12,16.622s4.622-2.069,4.622-4.622S14.552,7.378,12,7.378z M12,15 c-1.657,0-3-1.343-3-3s1.343-3,3-3s3,1.343,3,3S13.657,15,12,15z M16.804,6.116c-0.596,0-1.08,0.484-1.08,1.08 s0.484,1.08,1.08,1.08c0.596,0,1.08-0.484,1.08-1.08S17.401,6.116,16.804,6.116z\"><\/path><\/svg><span class=\"wp-block-social-link-label screen-reader-text\">Instagram<\/span><\/a><\/li>\n\n<li style=\"color: #ffffff; background-color: #6a1413; \" class=\"wp-social-link wp-social-link-youtube has-white-color bouton wp-block-social-link\"><a rel=\" noopener nofollow\" target=\"_blank\" href=\"https:\/\/www.youtube.com\/channel\/UC56MCFkscANgxW2vxW_8GHA\" class=\"wp-block-social-link-anchor\"><svg width=\"24\" height=\"24\" viewBox=\"0 0 24 24\" version=\"1.1\" xmlns=\"http:\/\/www.w3.org\/2000\/svg\" aria-hidden=\"true\" focusable=\"false\"><path d=\"M21.8,8.001c0,0-0.195-1.378-0.795-1.985c-0.76-0.797-1.613-0.801-2.004-0.847c-2.799-0.202-6.997-0.202-6.997-0.202 h-0.009c0,0-4.198,0-6.997,0.202C4.608,5.216,3.756,5.22,2.995,6.016C2.395,6.623,2.2,8.001,2.2,8.001S2,9.62,2,11.238v1.517 c0,1.618,0.2,3.237,0.2,3.237s0.195,1.378,0.795,1.985c0.761,0.797,1.76,0.771,2.205,0.855c1.6,0.153,6.8,0.201,6.8,0.201 s4.203-0.006,7.001-0.209c0.391-0.047,1.243-0.051,2.004-0.847c0.6-0.607,0.795-1.985,0.795-1.985s0.2-1.618,0.2-3.237v-1.517 C22,9.62,21.8,8.001,21.8,8.001z M9.935,14.594l-0.001-5.62l5.404,2.82L9.935,14.594z\"><\/path><\/svg><span class=\"wp-block-social-link-label screen-reader-text\">YouTube<\/span><\/a><\/li><\/ul>\n","protected":false},"excerpt":{"rendered":"<p>La mod\u00e9lisation 3D permet de donner vie et de repr\u00e9senter vos environnements et vos produits. Facilitez la compr\u00e9hension de votre client\u00e8le par une mod\u00e9lisation 3D professionnelle. Qu\u2019est-ce que la mod\u00e9lisation&#8230;<\/p>\n<div class=\"royalwp-readmore-wrap\"><a href=\"https:\/\/tim.cegep-lanaudiere.qc.ca\/multisites\/tim2-dev\/modelisation-3d\/\" class=\"royalwp-readmore\">Lire plus <i class=\"far fa-hand-point-right\"><\/i><\/a><\/div>\n","protected":false},"author":10,"featured_media":0,"parent":0,"menu_order":0,"comment_status":"closed","ping_status":"closed","template":"","meta":{"footnotes":""},"_links":{"self":[{"href":"https:\/\/tim.cegep-lanaudiere.qc.ca\/multisites\/tim2-dev\/wp-json\/wp\/v2\/pages\/730"}],"collection":[{"href":"https:\/\/tim.cegep-lanaudiere.qc.ca\/multisites\/tim2-dev\/wp-json\/wp\/v2\/pages"}],"about":[{"href":"https:\/\/tim.cegep-lanaudiere.qc.ca\/multisites\/tim2-dev\/wp-json\/wp\/v2\/types\/page"}],"author":[{"embeddable":true,"href":"https:\/\/tim.cegep-lanaudiere.qc.ca\/multisites\/tim2-dev\/wp-json\/wp\/v2\/users\/10"}],"replies":[{"embeddable":true,"href":"https:\/\/tim.cegep-lanaudiere.qc.ca\/multisites\/tim2-dev\/wp-json\/wp\/v2\/comments?post=730"}],"version-history":[{"count":5,"href":"https:\/\/tim.cegep-lanaudiere.qc.ca\/multisites\/tim2-dev\/wp-json\/wp\/v2\/pages\/730\/revisions"}],"predecessor-version":[{"id":1071,"href":"https:\/\/tim.cegep-lanaudiere.qc.ca\/multisites\/tim2-dev\/wp-json\/wp\/v2\/pages\/730\/revisions\/1071"}],"wp:attachment":[{"href":"https:\/\/tim.cegep-lanaudiere.qc.ca\/multisites\/tim2-dev\/wp-json\/wp\/v2\/media?parent=730"}],"curies":[{"name":"wp","href":"https:\/\/api.w.org\/{rel}","templated":true}]}}